{"id":273,"date":"2025-03-05T02:09:52","date_gmt":"2025-03-05T02:09:52","guid":{"rendered":"https:\/\/ricsacr.com\/?page_id=273"},"modified":"2025-09-19T01:34:02","modified_gmt":"2025-09-19T01:34:02","slug":"ongoing-projects","status":"publish","type":"page","link":"https:\/\/ricsacr.com\/es\/ongoing-projects\/","title":{"rendered":"Proyectos en Curso"},"content":{"rendered":"<div class=\"wp-block-uagb-container uagb-block-aql7cybi alignfull uagb-is-root-container\"><div class=\"uagb-container-inner-blocks-wrap\">\n<div class=\"wp-block-uagb-info-box uagb-block-vnjifoit uagb-infobox__content-wrap  uagb-infobox-icon-above-title uagb-infobox-image-valign-top\"><div class=\"uagb-ifb-content\"><div class=\"uagb-ifb-title-wrap\"><h1 class=\"uagb-ifb-title\">Proyectos en Curso<\/h1><\/div><p class=\"uagb-ifb-desc\">Mantente al d\u00eda con nuestros \u00faltimos proyectos en construcci\u00f3n. Explora el trabajo en progreso, los hitos alcanzados y las innovaciones que est\u00e1n dando forma al futuro de cada desarrollo.<\/p><\/div><\/div>\n<\/div><\/div>\n\n\n\n<div class=\"wp-block-uagb-container uagb-block-31voieb6 alignfull uagb-is-root-container\"><div class=\"uagb-container-inner-blocks-wrap\">\n<div class=\"wp-block-uagb-container uagb-block-xhv0rkke\">\n<div class=\"wp-block-uagb-image alignleft uagb-block-pnajhzqm wp-block-uagb-image--layout-default wp-block-uagb-image--effect-static wp-block-uagb-image--align-left\"><figure class=\"wp-block-uagb-image__figure\"><img fetchpriority=\"high\" decoding=\"async\" srcset=\"https:\/\/ricsacr.com\/wp-content\/uploads\/2025\/03\/Catalitas-C86-3-768x1024.jpg ,https:\/\/ricsacr.com\/wp-content\/uploads\/2025\/03\/Catalitas-C86-3.jpg 780w, https:\/\/ricsacr.com\/wp-content\/uploads\/2025\/03\/Catalitas-C86-3.jpg 360w\" sizes=\"(max-width: 480px) 150px\" src=\"https:\/\/ricsacr.com\/wp-content\/uploads\/2025\/03\/Catalitas-C86-3-768x1024.jpg\" alt=\"\" class=\"uag-image-278\" width=\"564\" height=\"400\" title=\"Catalitas C86 (3)\" role=\"img\"\/><\/figure><\/div>\n\n\n\n<div class=\"wp-block-uagb-info-box uagb-block-jurfpmui uagb-infobox__content-wrap  uagb-infobox-icon-above-title uagb-infobox-image-valign-top\"><div class=\"uagb-ifb-content\"><div class=\"uagb-ifb-title-wrap\"><h3 class=\"uagb-ifb-title\">Residencia Las Catalinas Lote 86<\/h3><\/div><p class=\"uagb-ifb-desc\"><strong>Descripci\u00f3n:<\/strong> Construcci\u00f3n de residencia en proceso. Esta semana se realiz\u00f3 el ingreso de una excavadora y su transporte utilizando tablones de madera para proteger la infraestructura. Se inici\u00f3 la limpieza de vegetaci\u00f3n, se definieron los l\u00edmites de corte y comenz\u00f3 el movimiento de tierra con volquetas.<br><strong>Ubicaci\u00f3n:<\/strong> Las Catalinas, Guanacaste, Costa Rica<br><strong>Area:<\/strong> X m\u00b2 \/\/ X ft\u00b2<br><strong>Semanas de Trabajo:<\/strong> Semana #02<\/p><\/div><\/div>\n<\/div>\n\n\n\n<div class=\"wp-block-uagb-container uagb-block-4awrurk4\">\n<div class=\"wp-block-uagb-info-box uagb-block-9lsffzjr uagb-infobox__content-wrap  uagb-infobox-icon-above-title uagb-infobox-image-valign-top\"><div class=\"uagb-ifb-content\"><div class=\"uagb-ifb-title-wrap\"><h3 class=\"uagb-ifb-title\">Las Catalinas Residencia Lote 55<\/h3><\/div><p class=\"uagb-ifb-desc\"><strong>Descripci\u00f3n:<\/strong> Construcci\u00f3n de residencia en proceso.En la presente semana se realiz\u00f3 la colocaci\u00f3n acero y formaleta en viga corona de terraza, formaleta y colado de columnas, colocaci\u00f3n de bloques de mamposter\u00eda y la colocaci\u00f3n de viga de entrepiso.<br><strong>Ubicaci\u00f3n:<\/strong> Las Catalinas, Guanacaste, Costa Rica<br><strong>Area:<\/strong> 287 m\u00b2 \/\/ 3,090 ft\u00b2<\/p><\/div><\/div>\n\n\n\n<div class=\"wp-block-uagb-image alignleft uagb-block-i9zzx8zc wp-block-uagb-image--layout-default wp-block-uagb-image--effect-static wp-block-uagb-image--align-left\"><figure class=\"wp-block-uagb-image__figure\"><img decoding=\"async\" data-srcset=\"https:\/\/ricsacr.com\/wp-content\/uploads\/2025\/09\/WhatsApp-Image-2025-08-06-at-13.54.28-1-1024x768.jpeg ,https:\/\/ricsacr.com\/wp-content\/uploads\/2025\/09\/WhatsApp-Image-2025-08-06-at-13.54.28-1.jpeg 780w, https:\/\/ricsacr.com\/wp-content\/uploads\/2025\/09\/WhatsApp-Image-2025-08-06-at-13.54.28-1.jpeg 360w\" data-sizes=\"(max-width: 480px) 150px\" data-src=\"https:\/\/ricsacr.com\/wp-content\/uploads\/2025\/09\/WhatsApp-Image-2025-08-06-at-13.54.28-1-1024x768.jpeg\" alt=\"\" class=\"uag-image-1161 lazyload\" width=\"564\" height=\"400\" title=\"WhatsApp Image 2025-08-06 at 13.54.28\" role=\"img\" src=\"data:image\/gif;base64,R0lGODlhAQABAAAAACH5BAEKAAEALAAAAAABAAEAAAICTAEAOw==\" style=\"--smush-placeholder-width: 564px; --smush-placeholder-aspect-ratio: 564\/400;\" \/><\/figure><\/div>\n<\/div>\n\n\n\n<div class=\"wp-block-uagb-container uagb-block-hfyctgwa\">\n<div class=\"wp-block-uagb-image alignleft uagb-block-cce3plor wp-block-uagb-image--layout-default wp-block-uagb-image--effect-static wp-block-uagb-image--align-left\"><figure class=\"wp-block-uagb-image__figure\"><img decoding=\"async\" data-srcset=\"https:\/\/ricsacr.com\/wp-content\/uploads\/2025\/03\/9d82e2c7-773d-4e13-a960-c99c355f2347-1024x768.jpg ,https:\/\/ricsacr.com\/wp-content\/uploads\/2025\/03\/9d82e2c7-773d-4e13-a960-c99c355f2347.jpg 780w, https:\/\/ricsacr.com\/wp-content\/uploads\/2025\/03\/9d82e2c7-773d-4e13-a960-c99c355f2347.jpg 360w\" data-sizes=\"(max-width: 480px) 150px\" data-src=\"https:\/\/ricsacr.com\/wp-content\/uploads\/2025\/03\/9d82e2c7-773d-4e13-a960-c99c355f2347-1024x768.jpg\" alt=\"\" class=\"uag-image-280 lazyload\" width=\"564\" height=\"400\" title=\"9d82e2c7-773d-4e13-a960-c99c355f2347\" role=\"img\" src=\"data:image\/gif;base64,R0lGODlhAQABAAAAACH5BAEKAAEALAAAAAABAAEAAAICTAEAOw==\" style=\"--smush-placeholder-width: 564px; --smush-placeholder-aspect-ratio: 564\/400;\" \/><\/figure><\/div>\n\n\n\n<div class=\"wp-block-uagb-info-box uagb-block-yy7xjzzf uagb-infobox__content-wrap  uagb-infobox-icon-above-title uagb-infobox-image-valign-top\"><div class=\"uagb-ifb-content\"><div class=\"uagb-ifb-title-wrap\"><h3 class=\"uagb-ifb-title\">Salon Reserva Conchal<\/h3><\/div><p class=\"uagb-ifb-desc\"><strong>Descripci\u00f3n:<\/strong> Construcci\u00f3n de proyecto comercial y de infraestructura en proceso. En la presente semana de trabajo se realiz\u00f3 la canalizaci\u00f3n y construcci\u00f3n de cajas de registro del sistema pluvial, la fontaner\u00eda en las paredes de ba\u00f1os, canalizaci\u00f3n el\u00e9ctrica de tomacorrientes e iluminaci\u00f3n, estructura para paredes internas y el forro y repello de paredes externas.<br><strong>Ubicaci\u00f3n:<\/strong> Santa Cruz, Guanacaste, Costa Rica<br><strong>Area:<\/strong> 1,998 m\u00b2 \/\/ 21,606 ft\u00b2<br><strong>Semanas de Trabajo:<\/strong> Semana #07<\/p><\/div><\/div>\n<\/div>\n<\/div><\/div>\n\n\n\n<div class=\"wp-block-uagb-container uagb-block-68780696 alignfull uagb-is-root-container\"><div class=\"uagb-container-inner-blocks-wrap\">\n<div class=\"wp-block-uagb-container uagb-block-62f79689\">\n<div class=\"wp-block-uagb-info-box uagb-block-388049ef uagb-infobox__content-wrap  uagb-infobox-icon-above-title uagb-infobox-image-valign-top\"><div class=\"uagb-ifb-content\"><div class=\"uagb-ifb-title-wrap\"><h3 class=\"uagb-ifb-title\">Proyecto Playa Grande<\/h3><\/div><p class=\"uagb-ifb-desc\"><strong>Descripci\u00f3n:<\/strong> Construcci\u00f3n de residencia en proceso. En la semana #12 de trabajo se complet\u00f3 la colocaci\u00f3n de columnas de acero para soporte de pared de Durock, pegado de blocks en pared del primer nivel, canalizaci\u00f3n de tomas y luminarias en paredes. Tambi\u00e9n se realiz\u00f3 un avance en el colado de las columnas de concreto y la colocaci\u00f3n de cajas el\u00e9ctricas del primer nivel, conformaci\u00f3n de armadura y la formaleta y puntales para vigas de entrepiso.<br><strong>Ubicaci\u00f3n:<\/strong> Santa Cruz, Guanacaste, Costa Rica<br><strong>Area:<\/strong> 400 m\u00b2 \/\/ 4,300 ft\u00b2<br><strong>Semanas de Trabajo:<\/strong> Semana #12<\/p><\/div><\/div>\n\n\n\n<div class=\"wp-block-uagb-image alignleft uagb-block-a61e80ca wp-block-uagb-image--layout-default wp-block-uagb-image--effect-static wp-block-uagb-image--align-left\"><figure class=\"wp-block-uagb-image__figure\"><img decoding=\"async\" data-srcset=\"https:\/\/ricsacr.com\/wp-content\/uploads\/2025\/03\/Proyecto-Playa-Grande-PA4-3-1024x768.jpeg ,https:\/\/ricsacr.com\/wp-content\/uploads\/2025\/03\/Proyecto-Playa-Grande-PA4-3.jpeg 780w, https:\/\/ricsacr.com\/wp-content\/uploads\/2025\/03\/Proyecto-Playa-Grande-PA4-3.jpeg 360w\" data-sizes=\"(max-width: 480px) 150px\" data-src=\"https:\/\/ricsacr.com\/wp-content\/uploads\/2025\/03\/Proyecto-Playa-Grande-PA4-3-1024x768.jpeg\" alt=\"\" class=\"uag-image-282 lazyload\" width=\"564\" height=\"400\" title=\"Proyecto Playa Grande (PA4) (3)\" role=\"img\" src=\"data:image\/gif;base64,R0lGODlhAQABAAAAACH5BAEKAAEALAAAAAABAAEAAAICTAEAOw==\" style=\"--smush-placeholder-width: 564px; --smush-placeholder-aspect-ratio: 564\/400;\" \/><\/figure><\/div>\n<\/div>\n\n\n\n<div class=\"wp-block-uagb-container uagb-block-5235b885\">\n<div class=\"wp-block-uagb-info-box uagb-block-676d75bf uagb-infobox__content-wrap  uagb-infobox-icon-above-title uagb-infobox-image-valign-top\"><div class=\"uagb-ifb-content\"><div class=\"uagb-ifb-title-wrap\"><h3 class=\"uagb-ifb-title\">Residence PCG<\/h3><\/div><p class=\"uagb-ifb-desc\"><strong>Cost: <\/strong>$300,000<br><strong>Ubicaci\u00f3n:<\/strong> Santa B\u00e1rbara, Heredia, Costa Rica<br><strong>Semanas de Trabajo:<\/strong> Week 6\/30<\/p><\/div><\/div>\n\n\n\n<div class=\"wp-block-uagb-image alignleft uagb-block-c98af275 wp-block-uagb-image--layout-default wp-block-uagb-image--effect-static wp-block-uagb-image--align-left\"><figure class=\"wp-block-uagb-image__figure\"><img decoding=\"async\" data-srcset=\"https:\/\/ricsacr.com\/wp-content\/uploads\/2025\/09\/WhatsApp-Image-2025-08-05-at-10.19.03-1-1024x768.jpeg ,https:\/\/ricsacr.com\/wp-content\/uploads\/2025\/09\/WhatsApp-Image-2025-08-05-at-10.19.03-1.jpeg 780w, https:\/\/ricsacr.com\/wp-content\/uploads\/2025\/09\/WhatsApp-Image-2025-08-05-at-10.19.03-1.jpeg 360w\" data-sizes=\"(max-width: 480px) 150px\" data-src=\"https:\/\/ricsacr.com\/wp-content\/uploads\/2025\/09\/WhatsApp-Image-2025-08-05-at-10.19.03-1-1024x768.jpeg\" alt=\"\" class=\"uag-image-1144 lazyload\" width=\"564\" height=\"400\" title=\"WhatsApp Image 2025-08-05 at 10.19.03 (1)\" role=\"img\" src=\"data:image\/gif;base64,R0lGODlhAQABAAAAACH5BAEKAAEALAAAAAABAAEAAAICTAEAOw==\" style=\"--smush-placeholder-width: 564px; --smush-placeholder-aspect-ratio: 564\/400;\" \/><\/figure><\/div>\n<\/div>\n<\/div><\/div>\n\n\n\n<div class=\"wp-block-uagb-container uagb-block-xtc11w1w alignfull uagb-is-root-container\"><div class=\"uagb-container-inner-blocks-wrap\">\n<div class=\"wp-block-uagb-container uagb-block-h7cvhpnw\">\n<div class=\"wp-block-uagb-container uagb-block-ghqltgsr\">\n<div class=\"wp-block-uagb-image alignleft uagb-block-9455f356 wp-block-uagb-image--layout-default wp-block-uagb-image--effect-static wp-block-uagb-image--align-left\"><figure class=\"wp-block-uagb-image__figure\"><img decoding=\"async\" data-srcset=\"https:\/\/ricsacr.com\/wp-content\/uploads\/2025\/09\/WhatsApp-Image-2025-08-05-at-10.22.31-1024x768.jpeg ,https:\/\/ricsacr.com\/wp-content\/uploads\/2025\/09\/WhatsApp-Image-2025-08-05-at-10.22.31.jpeg 780w, https:\/\/ricsacr.com\/wp-content\/uploads\/2025\/09\/WhatsApp-Image-2025-08-05-at-10.22.31.jpeg 360w\" data-sizes=\"(max-width: 480px) 150px\" data-src=\"https:\/\/ricsacr.com\/wp-content\/uploads\/2025\/09\/WhatsApp-Image-2025-08-05-at-10.22.31-1024x768.jpeg\" alt=\"\" class=\"uag-image-1149 lazyload\" width=\"564\" height=\"400\" title=\"WhatsApp Image 2025-08-05 at 10.22.31\" role=\"img\" src=\"data:image\/gif;base64,R0lGODlhAQABAAAAACH5BAEKAAEALAAAAAABAAEAAAICTAEAOw==\" style=\"--smush-placeholder-width: 564px; --smush-placeholder-aspect-ratio: 564\/400;\" \/><\/figure><\/div>\n<\/div>\n\n\n\n<div class=\"wp-block-uagb-container uagb-block-dy3rybr0\">\n<div class=\"wp-block-uagb-info-box uagb-block-gz9l10fe uagb-infobox__content-wrap  uagb-infobox-icon-above-title uagb-infobox-image-valign-top\"><div class=\"uagb-ifb-content\"><div class=\"uagb-ifb-title-wrap\"><h3 class=\"uagb-ifb-title\">C85 Las Catalinas<\/h3><\/div><p class=\"uagb-ifb-desc\"><strong>Cost:<\/strong> $2,150,000<br><strong>Ubicaci\u00f3n:<\/strong> Las Catalinas, Guanacaste, Costa Rica<br><strong>Semanas de Trabajo:<\/strong> 4\/65<\/p><\/div><\/div>\n<\/div>\n\n\n\n<div class=\"wp-block-uagb-container uagb-block-aoovvc40\">\n<div class=\"wp-block-uagb-info-box uagb-block-4ggx4m7y uagb-infobox__content-wrap  uagb-infobox-icon-above-title uagb-infobox-image-valign-top\"><div class=\"uagb-ifb-content\"><div class=\"uagb-ifb-title-wrap\"><h3 class=\"uagb-ifb-title\">Residence C94<\/h3><\/div><p class=\"uagb-ifb-desc\">ADD<\/p><\/div><\/div>\n<\/div>\n\n\n\n<div class=\"wp-block-uagb-container uagb-block-ccszyqgc\">\n<div class=\"wp-block-uagb-image alignleft uagb-block-7h18kevw wp-block-uagb-image--layout-default wp-block-uagb-image--effect-static wp-block-uagb-image--align-left\"><figure class=\"wp-block-uagb-image__figure\"><img decoding=\"async\" data-srcset=\"https:\/\/ricsacr.com\/wp-content\/uploads\/2025\/09\/WhatsApp-Image-2025-08-05-at-13.10.26-1024x1024.jpeg ,https:\/\/ricsacr.com\/wp-content\/uploads\/2025\/09\/WhatsApp-Image-2025-08-05-at-13.10.26.jpeg 780w, https:\/\/ricsacr.com\/wp-content\/uploads\/2025\/09\/WhatsApp-Image-2025-08-05-at-13.10.26.jpeg 360w\" data-sizes=\"auto, (max-width: 480px) 150px\" data-src=\"https:\/\/ricsacr.com\/wp-content\/uploads\/2025\/09\/WhatsApp-Image-2025-08-05-at-13.10.26-1024x1024.jpeg\" alt=\"\" class=\"uag-image-1150 lazyload\" width=\"600\" height=\"450\" title=\"WhatsApp Image 2025-08-05 at 13.10.26\" role=\"img\" src=\"data:image\/gif;base64,R0lGODlhAQABAAAAACH5BAEKAAEALAAAAAABAAEAAAICTAEAOw==\" style=\"--smush-placeholder-width: 600px; --smush-placeholder-aspect-ratio: 600\/450;\" \/><\/figure><\/div>\n<\/div>\n\n\n\n<div class=\"wp-block-uagb-container uagb-block-i1gbroph\">\n<div class=\"wp-block-uagb-image alignleft uagb-block-r3dlaycg wp-block-uagb-image--layout-default wp-block-uagb-image--effect-static wp-block-uagb-image--align-left\"><figure class=\"wp-block-uagb-image__figure\"><img decoding=\"async\" data-srcset=\"https:\/\/ricsacr.com\/wp-content\/uploads\/2025\/09\/WhatsApp-Image-2025-08-05-at-19.33.46-1024x768.jpeg ,https:\/\/ricsacr.com\/wp-content\/uploads\/2025\/09\/WhatsApp-Image-2025-08-05-at-19.33.46.jpeg 780w, https:\/\/ricsacr.com\/wp-content\/uploads\/2025\/09\/WhatsApp-Image-2025-08-05-at-19.33.46.jpeg 360w\" data-sizes=\"auto, (max-width: 480px) 150px\" data-src=\"https:\/\/ricsacr.com\/wp-content\/uploads\/2025\/09\/WhatsApp-Image-2025-08-05-at-19.33.46-1024x768.jpeg\" alt=\"\" class=\"uag-image-1151 lazyload\" width=\"600\" height=\"450\" title=\"WhatsApp Image 2025-08-05 at 19.33.46\" role=\"img\" src=\"data:image\/gif;base64,R0lGODlhAQABAAAAACH5BAEKAAEALAAAAAABAAEAAAICTAEAOw==\" style=\"--smush-placeholder-width: 600px; --smush-placeholder-aspect-ratio: 600\/450;\" \/><\/figure><\/div>\n<\/div>\n\n\n\n<div class=\"wp-block-uagb-container uagb-block-hazxwcvz\">\n<div class=\"wp-block-uagb-info-box uagb-block-igrfrs66 uagb-infobox__content-wrap  uagb-infobox-icon-above-title uagb-infobox-image-valign-top\"><div class=\"uagb-ifb-content\"><div class=\"uagb-ifb-title-wrap\"><h3 class=\"uagb-ifb-title\">Residence C61<\/h3><\/div><p class=\"uagb-ifb-desc\">ADD<\/p><\/div><\/div>\n<\/div>\n<\/div>\n<\/div><\/div>\n\n\n\n<div class=\"wp-block-uagb-container uagb-block-9kvvmsat alignfull uagb-is-root-container\"><div class=\"uagb-container-inner-blocks-wrap\"><\/div><\/div>\n\n\n\n<p><\/p>","protected":false},"excerpt":{"rendered":"","protected":false},"author":1,"featured_media":0,"parent":0,"menu_order":0,"comment_status":"closed","ping_status":"closed","template":"","meta":{"_uag_custom_page_level_css":"","footnotes":""},"class_list":["post-273","page","type-page","status-publish","hentry"],"uagb_featured_image_src":{"full":false,"thumbnail":false,"medium":false,"medium_large":false,"large":false,"1536x1536":false,"2048x2048":false,"trp-custom-language-flag":false},"uagb_author_info":{"display_name":"Kattia","author_link":"https:\/\/ricsacr.com\/es\/author\/kattia\/"},"uagb_comment_info":0,"uagb_excerpt":null,"_links":{"self":[{"href":"https:\/\/ricsacr.com\/es\/wp-json\/wp\/v2\/pages\/273","targetHints":{"allow":["GET"]}}],"collection":[{"href":"https:\/\/ricsacr.com\/es\/wp-json\/wp\/v2\/pages"}],"about":[{"href":"https:\/\/ricsacr.com\/es\/wp-json\/wp\/v2\/types\/page"}],"author":[{"embeddable":true,"href":"https:\/\/ricsacr.com\/es\/wp-json\/wp\/v2\/users\/1"}],"replies":[{"embeddable":true,"href":"https:\/\/ricsacr.com\/es\/wp-json\/wp\/v2\/comments?post=273"}],"version-history":[{"count":12,"href":"https:\/\/ricsacr.com\/es\/wp-json\/wp\/v2\/pages\/273\/revisions"}],"predecessor-version":[{"id":1162,"href":"https:\/\/ricsacr.com\/es\/wp-json\/wp\/v2\/pages\/273\/revisions\/1162"}],"wp:attachment":[{"href":"https:\/\/ricsacr.com\/es\/wp-json\/wp\/v2\/media?parent=273"}],"curies":[{"name":"wp","href":"https:\/\/api.w.org\/{rel}","templated":true}]}}