{"id":28,"date":"2025-03-03T19:51:51","date_gmt":"2025-03-03T19:51:51","guid":{"rendered":"https:\/\/ricsacr.com\/?page_id=28"},"modified":"2025-03-08T01:28:09","modified_gmt":"2025-03-08T01:28:09","slug":"28-2","status":"publish","type":"page","link":"https:\/\/ricsacr.com\/es\/28-2\/","title":{"rendered":"Nosotros"},"content":{"rendered":"<div class=\"wp-block-uagb-container uagb-block-docdxlse alignfull uagb-is-root-container\"><div class=\"uagb-container-inner-blocks-wrap\">\n<div class=\"wp-block-uagb-info-box uagb-block-husexnmq uagb-infobox__content-wrap  uagb-infobox-icon-above-title uagb-infobox-image-valign-top\"><div class=\"uagb-ifb-content\"><div class=\"uagb-ifb-title-wrap\"><h1 class=\"uagb-ifb-title\">Con\u00f3cenos<\/h1><\/div><p class=\"uagb-ifb-desc\">RICSA es una empresa costarricense l\u00edder en ingenier\u00eda y construcci\u00f3n, comprometida con la excelencia, la innovaci\u00f3n y la sostenibilidad. Nos especializamos en proyectos residenciales, comerciales e infraestructura de alta calidad, brindando precisi\u00f3n y valor duradero.<\/p><\/div><\/div>\n<\/div><\/div>\n\n\n\n<div class=\"wp-block-uagb-container uagb-layout-flex uagb-block-8c4383c7 default uagb-is-root-container\">\n<div class=\"wp-block-uagb-container uagb-block-d4a03254\">\n<div class=\"wp-block-uagb-info-box uagb-block-7edef7ac uagb-infobox__content-wrap  uagb-infobox-icon-above-title uagb-infobox-image-valign-top\"><div class=\"uagb-ifb-content\"><div class=\"uagb-ifb-title-wrap\"><h2 class=\"uagb-ifb-title\">Nuestra Empresa Constructora<\/h2><\/div><p class=\"uagb-ifb-desc\">En RICSA, nos enorgullece ser una empresa costarricense l\u00edder en el sector de la ingenier\u00eda y la construcci\u00f3n. Desde nuestros inicios, nos hemos especializado en ofrecer servicios integrales que abarcan desde la ejecuci\u00f3n completa de proyectos residenciales y comerciales hasta remodelaciones y renovaciones. Nuestra amplia experiencia nos ha permitido destacar en la industria, completando con \u00e9xito diversos proyectos, incluyendo viviendas, espacios comerciales, oficinas y desarrollos de infraestructura. Nos distinguimos por nuestro compromiso inquebrantable con la excelencia y la calidad en cada etapa, asegurando que cada proyecto cumpla con los m\u00e1s altos est\u00e1ndares de dise\u00f1o, construcci\u00f3n y sostenibilidad.<\/p><\/div><\/div>\n<\/div>\n\n\n\n<div class=\"wp-block-uagb-image alignleft uagb-block-955803d2 wp-block-uagb-image--layout-default wp-block-uagb-image--effect-static wp-block-uagb-image--align-left\"><figure class=\"wp-block-uagb-image__figure\"><img fetchpriority=\"high\" decoding=\"async\" srcset=\"https:\/\/ricsacr.com\/wp-content\/uploads\/2025\/03\/Proyecto-Residencia-Vargas-Ramirez-RVR-5-1024x768.jpg ,https:\/\/ricsacr.com\/wp-content\/uploads\/2025\/03\/Proyecto-Residencia-Vargas-Ramirez-RVR-5.jpg 780w, https:\/\/ricsacr.com\/wp-content\/uploads\/2025\/03\/Proyecto-Residencia-Vargas-Ramirez-RVR-5.jpg 360w\" sizes=\"(max-width: 480px) 150px\" src=\"https:\/\/ricsacr.com\/wp-content\/uploads\/2025\/03\/Proyecto-Residencia-Vargas-Ramirez-RVR-5-1024x768.jpg\" alt=\"\" class=\"uag-image-1061\" width=\"583\" height=\"450\" title=\"Proyecto Residencia Vargas Rami\u0301rez (RVR)  (5)\" role=\"img\"\/><\/figure><\/div>\n<\/div>\n\n\n\n<div class=\"wp-block-uagb-container uagb-block-1202b3b6 alignfull uagb-is-root-container\"><div class=\"uagb-container-inner-blocks-wrap\">\n<div class=\"wp-block-uagb-container uagb-block-be48a6cb\">\n<div class=\"wp-block-uagb-info-box uagb-block-bad1c591 uagb-infobox__content-wrap  uagb-infobox-icon-above-title uagb-infobox-image-valign-top\"><div class=\"uagb-ifb-content\"><div class=\"uagb-ifb-title-wrap\"><h2 class=\"uagb-ifb-title\">\u00bfPor Qu\u00e9 Elegirnos?<\/h2><\/div><\/div><\/div>\n<\/div>\n\n\n\n<div class=\"wp-block-uagb-container uagb-block-2ca479bc\">\n<div class=\"wp-block-uagb-info-box uagb-block-2d59b177 uagb-infobox__content-wrap  uagb-infobox-icon-above-title uagb-infobox-image-valign-top\"><div class=\"uagb-ifb-content\"><div class=\"uagb-ifb-title-wrap\"><p class=\"uagb-ifb-title-prefix\">01<\/p><h3 class=\"uagb-ifb-title\">Innovaci\u00f3n<\/h3><\/div><p class=\"uagb-ifb-desc\">Combinamos creatividad y tecnolog\u00eda para ofrecer soluciones de construcci\u00f3n innovadoras, adaptadas espec\u00edficamente a tus necesidades.<\/p><\/div><\/div>\n\n\n\n<div class=\"wp-block-uagb-info-box uagb-block-84acc2a6 uagb-infobox__content-wrap  uagb-infobox-icon-above-title uagb-infobox-image-valign-top\"><div class=\"uagb-ifb-content\"><div class=\"uagb-ifb-title-wrap\"><p class=\"uagb-ifb-title-prefix\">02<\/p><h3 class=\"uagb-ifb-title\">Experiencia<\/h3><\/div><p class=\"uagb-ifb-desc\">Nuestros profesionales altamente capacitados aprovechan a\u00f1os de experiencia en la industria para garantizar excelencia y confiabilidad en cada proyecto.<\/p><\/div><\/div>\n\n\n\n<div class=\"wp-block-uagb-info-box uagb-block-e596e133 uagb-infobox__content-wrap  uagb-infobox-icon-above-title uagb-infobox-image-valign-top\"><div class=\"uagb-ifb-content\"><div class=\"uagb-ifb-title-wrap\"><p class=\"uagb-ifb-title-prefix\">03<\/p><h3 class=\"uagb-ifb-title\">Colaboraci\u00f3n<\/h3><\/div><p class=\"uagb-ifb-desc\">Valoramos la colaboraci\u00f3n cercana con clientes y socios, fomentando relaciones s\u00f3lidas que generan resultados excepcionales.<\/p><\/div><\/div>\n<\/div>\n<\/div><\/div>\n\n\n\n<div class=\"wp-block-uagb-advanced-heading uagb-block-e6e1862a\"><h2 class=\"uagb-heading-text\">SOME OF OUR PROJECTS<\/h2><\/div>\n\n\n\n<div class=\"wp-block-uagb-container uagb-layout-grid uagb-block-548ed699 alignfull uagb-is-root-container\"><div class=\"uagb-container-inner-blocks-wrap\">\n<div class=\"wp-block-uagb-container uagb-block-cb53b294\">\n<div class=\"wp-block-uagb-image alignleft uagb-block-e878443f wp-block-uagb-image--layout-default wp-block-uagb-image--effect-static wp-block-uagb-image--align-left\"><figure class=\"wp-block-uagb-image__figure\"><a class=\"\" href=\"https:\/\/ricsacr.com\/es\/altamonte-residence\/\" target=\"\" rel=\"noopener\"><img decoding=\"async\" data-srcset=\"https:\/\/ricsacr.com\/wp-content\/uploads\/2025\/03\/Proyecto-RFM-5.jpg ,https:\/\/ricsacr.com\/wp-content\/uploads\/2025\/03\/Proyecto-RFM-5.jpg 780w, https:\/\/ricsacr.com\/wp-content\/uploads\/2025\/03\/Proyecto-RFM-5.jpg 360w\" data-sizes=\"(max-width: 480px) 150px\" data-src=\"https:\/\/ricsacr.com\/wp-content\/uploads\/2025\/03\/Proyecto-RFM-5.jpg\" alt=\"\" class=\"uag-image-662 lazyload\" width=\"576\" height=\"384\" title=\"Proyecto-RFM-5\" role=\"img\" src=\"data:image\/gif;base64,R0lGODlhAQABAAAAACH5BAEKAAEALAAAAAABAAEAAAICTAEAOw==\" style=\"--smush-placeholder-width: 576px; --smush-placeholder-aspect-ratio: 576\/384;\" \/><\/a><\/figure><\/div>\n<\/div>\n\n\n\n<div class=\"wp-block-uagb-container uagb-block-82459895\">\n<div class=\"wp-block-uagb-image alignleft uagb-block-f171c580 wp-block-uagb-image--layout-default wp-block-uagb-image--effect-static wp-block-uagb-image--align-left\"><figure class=\"wp-block-uagb-image__figure\"><a class=\"\" href=\"https:\/\/ricsacr.com\/es\/playa-avellanas-residence\/\" target=\"\" rel=\"noopener\"><img decoding=\"async\" data-srcset=\"https:\/\/ricsacr.com\/wp-content\/uploads\/2025\/03\/Proyecto-PRA-31-1024x683.jpg ,https:\/\/ricsacr.com\/wp-content\/uploads\/2025\/03\/Proyecto-PRA-31.jpg 780w, https:\/\/ricsacr.com\/wp-content\/uploads\/2025\/03\/Proyecto-PRA-31.jpg 360w\" data-sizes=\"(max-width: 480px) 150px\" data-src=\"https:\/\/ricsacr.com\/wp-content\/uploads\/2025\/03\/Proyecto-PRA-31-1024x683.jpg\" alt=\"\" class=\"uag-image-520 lazyload\" width=\"576\" height=\"384\" title=\"Proyecto-PRA-31\" role=\"img\" src=\"data:image\/gif;base64,R0lGODlhAQABAAAAACH5BAEKAAEALAAAAAABAAEAAAICTAEAOw==\" style=\"--smush-placeholder-width: 576px; --smush-placeholder-aspect-ratio: 576\/384;\" \/><\/a><\/figure><\/div>\n<\/div>\n\n\n\n<div class=\"wp-block-uagb-container uagb-block-9fd1e6ea\">\n<div class=\"wp-block-uagb-image alignleft uagb-block-67cfb5d1 wp-block-uagb-image--layout-default wp-block-uagb-image--effect-static wp-block-uagb-image--align-left\"><figure class=\"wp-block-uagb-image__figure\"><a class=\"\" href=\"https:\/\/ricsacr.com\/es\/playa-grande-project-2\/\" target=\"\" rel=\"noopener\"><img decoding=\"async\" data-srcset=\"https:\/\/ricsacr.com\/wp-content\/uploads\/2025\/03\/148cd226-5e89-47a1-a16b-948898995f3d-1024x768.jpg ,https:\/\/ricsacr.com\/wp-content\/uploads\/2025\/03\/148cd226-5e89-47a1-a16b-948898995f3d.jpg 780w, https:\/\/ricsacr.com\/wp-content\/uploads\/2025\/03\/148cd226-5e89-47a1-a16b-948898995f3d.jpg 360w\" data-sizes=\"(max-width: 480px) 150px\" data-src=\"https:\/\/ricsacr.com\/wp-content\/uploads\/2025\/03\/148cd226-5e89-47a1-a16b-948898995f3d-1024x768.jpg\" alt=\"\" class=\"uag-image-418 lazyload\" width=\"368\" height=\"368\" title=\"148cd226-5e89-47a1-a16b-948898995f3d\" role=\"img\" src=\"data:image\/gif;base64,R0lGODlhAQABAAAAACH5BAEKAAEALAAAAAABAAEAAAICTAEAOw==\" style=\"--smush-placeholder-width: 368px; --smush-placeholder-aspect-ratio: 368\/368;\" \/><\/a><\/figure><\/div>\n<\/div>\n\n\n\n<div class=\"wp-block-uagb-container uagb-block-1a0c6ed2\">\n<div class=\"wp-block-uagb-image alignleft uagb-block-840d2241 wp-block-uagb-image--layout-default wp-block-uagb-image--effect-static wp-block-uagb-image--align-left\"><figure class=\"wp-block-uagb-image__figure\"><a class=\"\" href=\"https:\/\/ricsacr.com\/es\/zurqui-lodge\/\" target=\"\" rel=\"noopener\"><img decoding=\"async\" data-srcset=\"https:\/\/ricsacr.com\/wp-content\/uploads\/2025\/03\/WhatsApp-Image-2024-10-08-at-09.54.17-1-edited.jpeg ,https:\/\/ricsacr.com\/wp-content\/uploads\/2025\/03\/WhatsApp-Image-2024-10-08-at-09.54.17-1.jpeg 780w, https:\/\/ricsacr.com\/wp-content\/uploads\/2025\/03\/WhatsApp-Image-2024-10-08-at-09.54.17-1.jpeg 360w\" data-sizes=\"(max-width: 480px) 150px\" data-src=\"https:\/\/ricsacr.com\/wp-content\/uploads\/2025\/03\/WhatsApp-Image-2024-10-08-at-09.54.17-1-edited.jpeg\" alt=\"\" class=\"uag-image-1025 lazyload\" width=\"368\" height=\"368\" title=\"WhatsApp Image 2024-10-08 at 09.54.17 (1)\" role=\"img\" src=\"data:image\/gif;base64,R0lGODlhAQABAAAAACH5BAEKAAEALAAAAAABAAEAAAICTAEAOw==\" style=\"--smush-placeholder-width: 368px; --smush-placeholder-aspect-ratio: 368\/368;\" \/><\/a><\/figure><\/div>\n<\/div>\n\n\n\n<div class=\"wp-block-uagb-container uagb-block-86317c56\">\n<div class=\"wp-block-uagb-image alignleft uagb-block-6943642b wp-block-uagb-image--layout-default wp-block-uagb-image--effect-static wp-block-uagb-image--align-left\"><figure class=\"wp-block-uagb-image__figure\"><a class=\"\" href=\"https:\/\/ricsacr.com\/es\/zurqui-stables\/\" target=\"\" rel=\"noopener\"><img decoding=\"async\" data-srcset=\"https:\/\/ricsacr.com\/wp-content\/uploads\/2025\/03\/WhatsApp-Image-2024-10-08-at-11.32.15-1-edited.jpeg ,https:\/\/ricsacr.com\/wp-content\/uploads\/2025\/03\/WhatsApp-Image-2024-10-08-at-11.32.15-1.jpeg 780w, https:\/\/ricsacr.com\/wp-content\/uploads\/2025\/03\/WhatsApp-Image-2024-10-08-at-11.32.15-1.jpeg 360w\" data-sizes=\"(max-width: 480px) 150px\" data-src=\"https:\/\/ricsacr.com\/wp-content\/uploads\/2025\/03\/WhatsApp-Image-2024-10-08-at-11.32.15-1-edited.jpeg\" alt=\"\" class=\"uag-image-1027 lazyload\" width=\"368\" height=\"368\" title=\"WhatsApp Image 2024-10-08 at 11.32.15\" role=\"img\" src=\"data:image\/gif;base64,R0lGODlhAQABAAAAACH5BAEKAAEALAAAAAABAAEAAAICTAEAOw==\" style=\"--smush-placeholder-width: 368px; --smush-placeholder-aspect-ratio: 368\/368;\" \/><\/a><\/figure><\/div>\n<\/div>\n<\/div><\/div>\n\n\n\n<div class=\"wp-block-uagb-container uagb-block-3ac63830 alignfull uagb-is-root-container\"><div class=\"uagb-container-inner-blocks-wrap\">\n<div class=\"wp-block-uagb-info-box uagb-block-ac68ea7b uagb-infobox__content-wrap  uagb-infobox-icon-above-title uagb-infobox-image-valign-top\"><div class=\"uagb-ifb-content\"><div class=\"uagb-ifb-title-wrap\"><p class=\"uagb-ifb-title-prefix\">MANTENTE CONECTADO CON NOSOTROS<\/p><h2 class=\"uagb-ifb-title\">Construyamos Tu Visi\u00f3n<\/h2><\/div><p class=\"uagb-ifb-desc\">Estamos aqu\u00ed para hacer realidad tus sue\u00f1os de construcci\u00f3n.<br>\u00danete a nosotros hoy y construyamos algo extraordinario juntos.<\/p><\/div><\/div>\n\n\n\n<div class=\"wp-block-uagb-icon-list uagb-block-18525ae3\"><div class=\"uagb-icon-list__wrap\">\n<div class=\"wp-block-uagb-icon-list-child uagb-block-6a0bac75\"><a target=\"_self\" aria-label=\"+506 2269 9268\" rel=\"noopener noreferrer\" href=\"#\"> <\/a><span class=\"uagb-icon-list__source-wrap\"><svg xmlns=\"https:\/\/www.w3.org\/2000\/svg\" viewbox=\"0 0 512 512\"><path d=\"M511.2 387l-23.25 100.8c-3.266 14.25-15.79 24.22-30.46 24.22C205.2 512 0 306.8 0 54.5c0-14.66 9.969-27.2 24.22-30.45l100.8-23.25C139.7-2.602 154.7 5.018 160.8 18.92l46.52 108.5c5.438 12.78 1.77 27.67-8.98 36.45L144.5 207.1c33.98 69.22 90.26 125.5 159.5 159.5l44.08-53.8c8.688-10.78 23.69-14.51 36.47-8.975l108.5 46.51C506.1 357.2 514.6 372.4 511.2 387z\"><\/path><\/svg><\/span><span class=\"uagb-icon-list__label\">+506 2269 9268<\/span><\/div>\n<\/div><\/div>\n<\/div><\/div>\n\n\n\n<p><\/p>","protected":false},"excerpt":{"rendered":"<p>SOME OF OUR PROJECTS<\/p>","protected":false},"author":1,"featured_media":0,"parent":0,"menu_order":0,"comment_status":"closed","ping_status":"closed","template":"no-title","meta":{"_uag_custom_page_level_css":"","footnotes":""},"class_list":["post-28","page","type-page","status-publish","hentry"],"uagb_featured_image_src":{"full":false,"thumbnail":false,"medium":false,"medium_large":false,"large":false,"1536x1536":false,"2048x2048":false,"trp-custom-language-flag":false},"uagb_author_info":{"display_name":"Kattia","author_link":"https:\/\/ricsacr.com\/es\/author\/kattia\/"},"uagb_comment_info":0,"uagb_excerpt":"SOME OF OUR PROJECTS","_links":{"self":[{"href":"https:\/\/ricsacr.com\/es\/wp-json\/wp\/v2\/pages\/28","targetHints":{"allow":["GET"]}}],"collection":[{"href":"https:\/\/ricsacr.com\/es\/wp-json\/wp\/v2\/pages"}],"about":[{"href":"https:\/\/ricsacr.com\/es\/wp-json\/wp\/v2\/types\/page"}],"author":[{"embeddable":true,"href":"https:\/\/ricsacr.com\/es\/wp-json\/wp\/v2\/users\/1"}],"replies":[{"embeddable":true,"href":"https:\/\/ricsacr.com\/es\/wp-json\/wp\/v2\/comments?post=28"}],"version-history":[{"count":46,"href":"https:\/\/ricsacr.com\/es\/wp-json\/wp\/v2\/pages\/28\/revisions"}],"predecessor-version":[{"id":1105,"href":"https:\/\/ricsacr.com\/es\/wp-json\/wp\/v2\/pages\/28\/revisions\/1105"}],"wp:attachment":[{"href":"https:\/\/ricsacr.com\/es\/wp-json\/wp\/v2\/media?parent=28"}],"curies":[{"name":"wp","href":"https:\/\/api.w.org\/{rel}","templated":true}]}}