{"id":92,"date":"2025-03-03T22:01:11","date_gmt":"2025-03-03T22:01:11","guid":{"rendered":"https:\/\/ricsacr.com\/?page_id=92"},"modified":"2025-03-08T00:55:23","modified_gmt":"2025-03-08T00:55:23","slug":"services","status":"publish","type":"page","link":"https:\/\/ricsacr.com\/es\/services\/","title":{"rendered":"Servicios"},"content":{"rendered":"<div class=\"wp-block-uagb-container uagb-block-lrvxubvq alignfull uagb-is-root-container\"><div class=\"uagb-container-inner-blocks-wrap\">\n<div class=\"wp-block-uagb-info-box uagb-block-d0ec9j0s uagb-infobox__content-wrap  uagb-infobox-icon-above-title uagb-infobox-image-valign-top\"><div class=\"uagb-ifb-content\"><div class=\"uagb-ifb-title-wrap\"><h2 class=\"uagb-ifb-title\">Excelencia que Inspira<\/h2><\/div><p class=\"uagb-ifb-desc\">Descubre espacios dise\u00f1ados para transformar vidas, inspirar negocios y dar forma a comunidades.  \nExplora nuestro portafolio de proyectos visionarios.<br>Explore our portfolio of visionary projects.<\/p><\/div><\/div>\n\n\n\n<div class=\"wp-block-uagb-container uagb-block-2pemoenn\">\n<div class=\"wp-block-uagb-container uagb-block-qkr8004p\">\n<div class=\"wp-block-uagb-image alignleft uagb-block-594ofsiw wp-block-uagb-image--layout-default wp-block-uagb-image--effect-static wp-block-uagb-image--align-left\"><figure class=\"wp-block-uagb-image__figure\"><img fetchpriority=\"high\" decoding=\"async\" srcset=\"https:\/\/ricsacr.com\/wp-content\/uploads\/2025\/03\/Catalitas-C86-7-3-1024x768.jpg ,https:\/\/ricsacr.com\/wp-content\/uploads\/2025\/03\/Catalitas-C86-7-3.jpg 780w, https:\/\/ricsacr.com\/wp-content\/uploads\/2025\/03\/Catalitas-C86-7-3.jpg 360w\" sizes=\"(max-width: 480px) 150px\" src=\"https:\/\/ricsacr.com\/wp-content\/uploads\/2025\/03\/Catalitas-C86-7-3-1024x768.jpg\" alt=\"\" class=\"uag-image-1077\" width=\"661\" height=\"450\" title=\"Catalitas C86 (7)\" role=\"img\"\/><\/figure><\/div>\n<\/div>\n\n\n\n<div class=\"wp-block-uagb-container uagb-block-ksapd1gx\">\n<div class=\"wp-block-uagb-info-box uagb-block-oxxnkysv uagb-infobox__content-wrap  uagb-infobox-icon-above-title uagb-infobox-image-valign-top\"><div class=\"uagb-ifb-content\"><div class=\"uagb-ifb-title-wrap\"><p class=\"uagb-ifb-title-prefix\">01<\/p><h3 class=\"uagb-ifb-title\">Presupuestaci\u00f3n<\/h3><\/div><p class=\"uagb-ifb-desc\">En RICSA, ofrecemos presupuestaci\u00f3n detallada y personalizada, adaptada a cada proyecto. Nuestro equipo analiza costos con precisi\u00f3n para garantizar una planificaci\u00f3n financiera s\u00f3lida y una ejecuci\u00f3n impecable, brindando claridad y confianza en cada inversi\u00f3n.<\/p><\/div><\/div>\n\n\n\n<div class=\"wp-block-uagb-buttons uagb-buttons__outer-wrap uagb-btn__default-btn uagb-btn-tablet__default-btn uagb-btn-mobile__default-btn uagb-block-nmy4xke6\"><div class=\"uagb-buttons__wrap uagb-buttons-layout-wrap\">\n<div class=\"wp-block-uagb-buttons-child uagb-buttons__outer-wrap uagb-block-7gznj7j0 wp-block-button\"><div class=\"uagb-button__wrapper\"><a class=\"uagb-buttons-repeater wp-block-button__link\" aria-label=\"\" href=\"#\" rel=\"follow noopener\" target=\"_self\" role=\"button\"><div class=\"uagb-button__link\">Leer M\u00e1s<\/div><span class=\"uagb-button__icon uagb-button__icon-position-after\"><svg xmlns=\"https:\/\/www.w3.org\/2000\/svg\" viewbox=\"0 0 320 512\" aria-hidden=\"true\" focussable=\"false\"><path d=\"M96 480c-8.188 0-16.38-3.125-22.62-9.375c-12.5-12.5-12.5-32.75 0-45.25L242.8 256L73.38 86.63c-12.5-12.5-12.5-32.75 0-45.25s32.75-12.5 45.25 0l192 192c12.5 12.5 12.5 32.75 0 45.25l-192 192C112.4 476.9 104.2 480 96 480z\"><\/path><\/svg><\/span><\/a><\/div><\/div>\n<\/div><\/div>\n<\/div>\n\n\n\n<div class=\"wp-block-uagb-container uagb-block-s6qoygrt\">\n<div class=\"wp-block-uagb-info-box uagb-block-6q9gqbdu uagb-infobox__content-wrap  uagb-infobox-icon-above-title uagb-infobox-image-valign-top\"><div class=\"uagb-ifb-content\"><div class=\"uagb-ifb-title-wrap\"><p class=\"uagb-ifb-title-prefix\">02<\/p><h3 class=\"uagb-ifb-title\">Proyectos<\/h3><\/div><p class=\"uagb-ifb-desc\">En RICSA, gestionamos cada proyecto con profesionalismo y dedicaci\u00f3n, desde la planificaci\u00f3n hasta la entrega. Ofrecemos soluciones arquitect\u00f3nicas e ingenieriles de alta calidad, adaptadas a cada cliente, asegurando que cada detalle cumpla con los objetivos del proyecto.<\/p><\/div><\/div>\n\n\n\n<div class=\"wp-block-uagb-buttons uagb-buttons__outer-wrap uagb-btn__default-btn uagb-btn-tablet__default-btn uagb-btn-mobile__default-btn uagb-block-kbubicqu\"><div class=\"uagb-buttons__wrap uagb-buttons-layout-wrap\">\n<div class=\"wp-block-uagb-buttons-child uagb-buttons__outer-wrap uagb-block-fagaho7s wp-block-button\"><div class=\"uagb-button__wrapper\"><a class=\"uagb-buttons-repeater wp-block-button__link\" aria-label=\"\" href=\"#\" rel=\"follow noopener\" target=\"_self\" role=\"button\"><div class=\"uagb-button__link\">Leer M\u00e1s<\/div><span class=\"uagb-button__icon uagb-button__icon-position-after\"><svg xmlns=\"https:\/\/www.w3.org\/2000\/svg\" viewbox=\"0 0 320 512\" aria-hidden=\"true\" focussable=\"false\"><path d=\"M96 480c-8.188 0-16.38-3.125-22.62-9.375c-12.5-12.5-12.5-32.75 0-45.25L242.8 256L73.38 86.63c-12.5-12.5-12.5-32.75 0-45.25s32.75-12.5 45.25 0l192 192c12.5 12.5 12.5 32.75 0 45.25l-192 192C112.4 476.9 104.2 480 96 480z\"><\/path><\/svg><\/span><\/a><\/div><\/div>\n<\/div><\/div>\n<\/div>\n\n\n\n<div class=\"wp-block-uagb-container uagb-block-k5v7kt5a\">\n<div class=\"wp-block-uagb-image alignleft uagb-block-mxr6tszu wp-block-uagb-image--layout-default wp-block-uagb-image--effect-static wp-block-uagb-image--align-left\"><figure class=\"wp-block-uagb-image__figure\"><img decoding=\"async\" data-srcset=\"https:\/\/ricsacr.com\/wp-content\/uploads\/2025\/03\/Proyecto-Playa-Grande-PA4-7-1024x768.jpeg ,https:\/\/ricsacr.com\/wp-content\/uploads\/2025\/03\/Proyecto-Playa-Grande-PA4-7.jpeg 780w, https:\/\/ricsacr.com\/wp-content\/uploads\/2025\/03\/Proyecto-Playa-Grande-PA4-7.jpeg 360w\" data-sizes=\"(max-width: 480px) 150px\" data-src=\"https:\/\/ricsacr.com\/wp-content\/uploads\/2025\/03\/Proyecto-Playa-Grande-PA4-7-1024x768.jpeg\" alt=\"\" class=\"uag-image-1079 lazyload\" width=\"662\" height=\"450\" title=\"Proyecto Playa Grande (PA4) (7)\" role=\"img\" src=\"data:image\/gif;base64,R0lGODlhAQABAAAAACH5BAEKAAEALAAAAAABAAEAAAICTAEAOw==\" style=\"--smush-placeholder-width: 662px; --smush-placeholder-aspect-ratio: 662\/450;\" \/><\/figure><\/div>\n<\/div>\n\n\n\n<div class=\"wp-block-uagb-container uagb-block-qpnpzhpn\">\n<div class=\"wp-block-uagb-image alignleft uagb-block-xi6urso8 wp-block-uagb-image--layout-default wp-block-uagb-image--effect-static wp-block-uagb-image--align-left\"><figure class=\"wp-block-uagb-image__figure\"><img decoding=\"async\" data-srcset=\"https:\/\/ricsacr.com\/wp-content\/uploads\/2025\/03\/Catalitas-C86-3-1-768x1024.jpg ,https:\/\/ricsacr.com\/wp-content\/uploads\/2025\/03\/Catalitas-C86-3-1.jpg 780w, https:\/\/ricsacr.com\/wp-content\/uploads\/2025\/03\/Catalitas-C86-3-1.jpg 360w\" data-sizes=\"(max-width: 480px) 150px\" data-src=\"https:\/\/ricsacr.com\/wp-content\/uploads\/2025\/03\/Catalitas-C86-3-1-768x1024.jpg\" alt=\"\" class=\"uag-image-1043 lazyload\" width=\"662\" height=\"450\" title=\"Catalitas C86 (3) (1)\" role=\"img\" src=\"data:image\/gif;base64,R0lGODlhAQABAAAAACH5BAEKAAEALAAAAAABAAEAAAICTAEAOw==\" style=\"--smush-placeholder-width: 662px; --smush-placeholder-aspect-ratio: 662\/450;\" \/><\/figure><\/div>\n<\/div>\n\n\n\n<div class=\"wp-block-uagb-container uagb-block-tlnrrtix\">\n<div class=\"wp-block-uagb-info-box uagb-block-th5exzbq uagb-infobox__content-wrap  uagb-infobox-icon-above-title uagb-infobox-image-valign-top\"><div class=\"uagb-ifb-content\"><div class=\"uagb-ifb-title-wrap\"><p class=\"uagb-ifb-title-prefix\">03<\/p><h3 class=\"uagb-ifb-title\">Construcci\u00f3n<\/h3><\/div><p class=\"uagb-ifb-desc\">En RICSA, la construcci\u00f3n es m\u00e1s que un proceso: es hacer realidad los sue\u00f1os y visiones de nuestros clientes. Nuestro equipo garantiza precisi\u00f3n, calidad y seguridad en cada proyecto. Nos comprometemos a entregar a tiempo, con eficiencia y responsabilidad, creando resultados que nos enorgullecen.<\/p><\/div><\/div>\n\n\n\n<div class=\"wp-block-uagb-buttons uagb-buttons__outer-wrap uagb-btn__default-btn uagb-btn-tablet__default-btn uagb-btn-mobile__default-btn uagb-block-h98e4iai\"><div class=\"uagb-buttons__wrap uagb-buttons-layout-wrap\">\n<div class=\"wp-block-uagb-buttons-child uagb-buttons__outer-wrap uagb-block-9dj7ipaf wp-block-button\"><div class=\"uagb-button__wrapper\"><a class=\"uagb-buttons-repeater wp-block-button__link\" aria-label=\"\" href=\"#\" rel=\"follow noopener\" target=\"_self\" role=\"button\"><div class=\"uagb-button__link\">Leer M\u00e1s<\/div><span class=\"uagb-button__icon uagb-button__icon-position-after\"><svg xmlns=\"https:\/\/www.w3.org\/2000\/svg\" viewbox=\"0 0 320 512\" aria-hidden=\"true\" focussable=\"false\"><path d=\"M96 480c-8.188 0-16.38-3.125-22.62-9.375c-12.5-12.5-12.5-32.75 0-45.25L242.8 256L73.38 86.63c-12.5-12.5-12.5-32.75 0-45.25s32.75-12.5 45.25 0l192 192c12.5 12.5 12.5 32.75 0 45.25l-192 192C112.4 476.9 104.2 480 96 480z\"><\/path><\/svg><\/span><\/a><\/div><\/div>\n<\/div><\/div>\n<\/div>\n<\/div>\n<\/div><\/div>","protected":false},"excerpt":{"rendered":"","protected":false},"author":1,"featured_media":0,"parent":0,"menu_order":0,"comment_status":"closed","ping_status":"closed","template":"","meta":{"_uag_custom_page_level_css":"","footnotes":""},"class_list":["post-92","page","type-page","status-publish","hentry"],"uagb_featured_image_src":{"full":false,"thumbnail":false,"medium":false,"medium_large":false,"large":false,"1536x1536":false,"2048x2048":false,"trp-custom-language-flag":false},"uagb_author_info":{"display_name":"Kattia","author_link":"https:\/\/ricsacr.com\/es\/author\/kattia\/"},"uagb_comment_info":0,"uagb_excerpt":null,"_links":{"self":[{"href":"https:\/\/ricsacr.com\/es\/wp-json\/wp\/v2\/pages\/92","targetHints":{"allow":["GET"]}}],"collection":[{"href":"https:\/\/ricsacr.com\/es\/wp-json\/wp\/v2\/pages"}],"about":[{"href":"https:\/\/ricsacr.com\/es\/wp-json\/wp\/v2\/types\/page"}],"author":[{"embeddable":true,"href":"https:\/\/ricsacr.com\/es\/wp-json\/wp\/v2\/users\/1"}],"replies":[{"embeddable":true,"href":"https:\/\/ricsacr.com\/es\/wp-json\/wp\/v2\/comments?post=92"}],"version-history":[{"count":9,"href":"https:\/\/ricsacr.com\/es\/wp-json\/wp\/v2\/pages\/92\/revisions"}],"predecessor-version":[{"id":1080,"href":"https:\/\/ricsacr.com\/es\/wp-json\/wp\/v2\/pages\/92\/revisions\/1080"}],"wp:attachment":[{"href":"https:\/\/ricsacr.com\/es\/wp-json\/wp\/v2\/media?parent=92"}],"curies":[{"name":"wp","href":"https:\/\/api.w.org\/{rel}","templated":true}]}}